{"id":17840,"date":"2024-02-05T19:51:42","date_gmt":"2024-02-05T18:51:42","guid":{"rendered":"https:\/\/vcl.fr\/?page_id=17840"},"modified":"2026-02-17T00:46:25","modified_gmt":"2026-02-16T23:46:25","slug":"calendrier-voile-habitable","status":"publish","type":"page","link":"https:\/\/vcl.fr\/index.php\/calendrier-voile-habitable\/","title":{"rendered":"Calendrier Voile Habitable"},"content":{"rendered":"Vous devez \u00eatre connect\u00e9 pour voir ce contenu.","protected":false},"excerpt":{"rendered":"Vous devez \u00eatre connect\u00e9 pour voir ce contenu.","protected":false},"author":1,"featured_media":0,"parent":0,"menu_order":0,"comment_status":"closed","ping_status":"closed","template":"elementor_header_footer","meta":{"_tec_requires_first_save":false,"_bbp_topic_count":0,"_bbp_reply_count":0,"_bbp_total_topic_count":0,"_bbp_total_reply_count":0,"_bbp_voice_count":0,"_bbp_anonymous_reply_count":0,"_bbp_topic_count_hidden":0,"_bbp_reply_count_hidden":0,"_bbp_forum_subforum_count":0,"_EventAllDay":false,"_EventTimezone":"","_EventStartDate":"","_EventEndDate":"","_EventStartDateUTC":"","_EventEndDateUTC":"","_EventShowMap":false,"_EventShowMapLink":false,"_EventURL":"","_EventCost":"","_EventCostDescription":"","_EventCurrencySymbol":"","_EventCurrencyCode":"","_EventCurrencyPosition":"","_EventDateTimeSeparator":"","_EventTimeRangeSeparator":"","_EventOrganizerID":[],"_EventVenueID":[],"_OrganizerEmail":"","_OrganizerPhone":"","_OrganizerWebsite":"","_VenueAddress":"","_VenueCity":"","_VenueCountry":"","_VenueProvince":"","_VenueState":"","_VenueZip":"","_VenuePhone":"","_VenueURL":"","_VenueStateProvince":"","_VenueLat":"","_VenueLng":"","_VenueShowMap":false,"_VenueShowMapLink":false,"_tribe_blocks_recurrence_rules":"","_tribe_blocks_recurrence_description":"","_tribe_blocks_recurrence_exclusions":"","footnotes":""},"class_list":["post-17840","page","type-page","status-publish","hentry","cat_calanques","cat_mediterranee","cat_habitable"],"_links":{"self":[{"href":"https:\/\/vcl.fr\/index.php\/wp-json\/wp\/v2\/pages\/17840","targetHints":{"allow":["GET"]}}],"collection":[{"href":"https:\/\/vcl.fr\/index.php\/wp-json\/wp\/v2\/pages"}],"about":[{"href":"https:\/\/vcl.fr\/index.php\/wp-json\/wp\/v2\/types\/page"}],"author":[{"embeddable":true,"href":"https:\/\/vcl.fr\/index.php\/wp-json\/wp\/v2\/users\/1"}],"replies":[{"embeddable":true,"href":"https:\/\/vcl.fr\/index.php\/wp-json\/wp\/v2\/comments?post=17840"}],"version-history":[{"count":50,"href":"https:\/\/vcl.fr\/index.php\/wp-json\/wp\/v2\/pages\/17840\/revisions"}],"predecessor-version":[{"id":20362,"href":"https:\/\/vcl.fr\/index.php\/wp-json\/wp\/v2\/pages\/17840\/revisions\/20362"}],"wp:attachment":[{"href":"https:\/\/vcl.fr\/index.php\/wp-json\/wp\/v2\/media?parent=17840"}],"curies":[{"name":"wp","href":"https:\/\/api.w.org\/{rel}","templated":true}]}}