{"id":7167,"date":"2022-05-29T19:56:00","date_gmt":"2022-05-29T17:56:00","guid":{"rendered":"https:\/\/vcl.fr\/?page_id=7167"},"modified":"2025-01-30T20:22:13","modified_gmt":"2025-01-30T19:22:13","slug":"activites-passees","status":"publish","type":"page","link":"https:\/\/vcl.fr\/index.php\/activites-passees\/","title":{"rendered":"Activit\u00e9s pass\u00e9es"},"content":{"rendered":"Nos activit\u00e9s Que ce soit pour d\u00e9couvrir, simplement pratiquer, ou te perfectionner, nous organisons r\u00e9guli\u00e8rement tout au long de l&rsquo;ann\u00e9e diff\u00e9rentes activit\u00e9s de voile. Voile L\u00e9g\u00e8re Envie de d\u00e9couvrir et de savoir si la voile est fait pour toi ? <a href=\"https:\/\/vcl.fr\/index.php\/2021\/03\/20\/20-et-21-mars-manoeuvres-de-port-a-la-rochelle\/\" class=\"more-link\">(suite\u2026)<\/a><div id=\"wpmem_restricted_msg\"><p style=\"text-align: center\">Le statut li\u00e9 \u00e0 ton compte ne te permet pas d'acc\u00e9der \u00e0 cette section.<\/p>\n<p style=\"text-align: center\">Ton adh\u00e9sion semble termin\u00e9e.<\/p>\n<p style=\"text-align: center\">Pour renouveler ton adh\u00e9sion \u00e0 VCL, clique sur\u00a0 <strong><span style=\"color: #1d77c3\">R\u00c9-ADH\u00c9SION<\/span><\/strong>\u00a0 dans le menu <strong>\u21d1<\/strong><\/p>\n<p style=\"text-align: center\">Une erreur, plus d'infos ? Contact-nous par Email \u00e0 <a href=\"mailto:contact@vcl.fr\" target=\"_blank\" rel=\"noopener\">contact@vcl.fr<\/a><\/p>\n<\/div><div id=\"wpmem_login\"><a id=\"login\"><\/a><form action=\"https:\/\/vcl.fr\/index.php\/2021\/03\/20\/20-et-21-mars-manoeuvres-de-port-a-la-rochelle\/\" method=\"POST\" id=\"wpmem_login_form\" class=\"form\"><input type=\"hidden\" id=\"_wpmem_login_nonce\" name=\"_wpmem_login_nonce\" value=\"815f0a10d8\" \/><input type=\"hidden\" name=\"_wp_http_referer\" value=\"\/index.php\/wp-json\/wp\/v2\/pages\/7167\" \/><fieldset><legend>Connexion pour les utilisateurs enregistr\u00e9s<\/legend><label for=\"log\">Identifiant ou e-mail<\/label><div class=\"div_text\"><input name=\"log\" type=\"text\" id=\"log\" value=\"\" class=\"username\" required  \/><\/div><label for=\"pwd\">Mot de passe<\/label><div class=\"div_text\"><input name=\"pwd\" type=\"password\" id=\"pwd\" class=\"password\" required  \/><\/div><input name=\"a\" type=\"hidden\" value=\"login\" \/><input name=\"redirect_to\" type=\"hidden\" value=\"https:\/\/vcl.fr\/index.php\/2021\/03\/20\/20-et-21-mars-manoeuvres-de-port-a-la-rochelle\/\" \/><div class=\"button_div\"><input name=\"rememberme\" type=\"checkbox\" id=\"rememberme\" value=\"forever\" \/>&nbsp;<label for=\"rememberme\">Se souvenir de moi<\/label>&nbsp;&nbsp;<input type=\"submit\" name=\"Submit\" value=\"Connexion\" class=\"buttons\" \/><\/div><div class=\"link-text\"><span class=\"link-text-forgot\">Mot de passe oubli\u00e9\u00a0?&nbsp;<a href=\"https:\/\/vcl.fr\/index.php\/reinitialisation-mot-de-passe\/?a=pwdreset\">Cliquez ici pour r\u00e9initialiser<\/a><\/span><\/div><div class=\"link-text\"><span class=\"link-text-register\">Nouvel utilisateur\u00a0?&nbsp;<a href=\"https:\/\/vcl.fr\/index.php\/adherer\/\">Cliquez ici pour vous inscrire<\/a><\/span><\/div><\/fieldset><\/form><\/div>","protected":false},"excerpt":{"rendered":"<p>Nos activit\u00e9s Que ce soit pour d\u00e9couvrir, simplement pratiquer, ou te perfectionner, nous organisons r\u00e9guli\u00e8rement tout au long de l&rsquo;ann\u00e9e diff\u00e9rentes activit\u00e9s de voile. Voile L\u00e9g\u00e8re Envie de d\u00e9couvrir et de savoir si la voile est fait pour toi ?<\/p>\n","protected":false},"author":1,"featured_media":0,"parent":0,"menu_order":0,"comment_status":"closed","ping_status":"closed","template":"elementor_header_footer","meta":{"_tec_requires_first_save":true,"_bbp_topic_count":0,"_bbp_reply_count":0,"_bbp_total_topic_count":0,"_bbp_total_reply_count":0,"_bbp_voice_count":0,"_bbp_anonymous_reply_count":0,"_bbp_topic_count_hidden":0,"_bbp_reply_count_hidden":0,"_bbp_forum_subforum_count":0,"_EventAllDay":false,"_EventTimezone":"","_EventStartDate":"","_EventEndDate":"","_EventStartDateUTC":"","_EventEndDateUTC":"","_EventShowMap":false,"_EventShowMapLink":false,"_EventURL":"","_EventCost":"","_EventCostDescription":"","_EventCurrencySymbol":"","_EventCurrencyCode":"","_EventCurrencyPosition":"","_EventDateTimeSeparator":"","_EventTimeRangeSeparator":"","_EventOrganizerID":[],"_EventVenueID":[],"_OrganizerEmail":"","_OrganizerPhone":"","_OrganizerWebsite":"","_VenueAddress":"","_VenueCity":"","_VenueCountry":"","_VenueProvince":"","_VenueState":"","_VenueZip":"","_VenuePhone":"","_VenueURL":"","_VenueStateProvince":"","_VenueLat":"","_VenueLng":"","_VenueShowMap":false,"_VenueShowMapLink":false,"_tribe_blocks_recurrence_rules":"","_tribe_blocks_recurrence_description":"","_tribe_blocks_recurrence_exclusions":"","footnotes":""},"class_list":["post-7167","page","type-page","status-publish","hentry"],"_links":{"self":[{"href":"https:\/\/vcl.fr\/index.php\/wp-json\/wp\/v2\/pages\/7167","targetHints":{"allow":["GET"]}}],"collection":[{"href":"https:\/\/vcl.fr\/index.php\/wp-json\/wp\/v2\/pages"}],"about":[{"href":"https:\/\/vcl.fr\/index.php\/wp-json\/wp\/v2\/types\/page"}],"author":[{"embeddable":true,"href":"https:\/\/vcl.fr\/index.php\/wp-json\/wp\/v2\/users\/1"}],"replies":[{"embeddable":true,"href":"https:\/\/vcl.fr\/index.php\/wp-json\/wp\/v2\/comments?post=7167"}],"version-history":[{"count":37,"href":"https:\/\/vcl.fr\/index.php\/wp-json\/wp\/v2\/pages\/7167\/revisions"}],"predecessor-version":[{"id":19493,"href":"https:\/\/vcl.fr\/index.php\/wp-json\/wp\/v2\/pages\/7167\/revisions\/19493"}],"wp:attachment":[{"href":"https:\/\/vcl.fr\/index.php\/wp-json\/wp\/v2\/media?parent=7167"}],"curies":[{"name":"wp","href":"https:\/\/api.w.org\/{rel}","templated":true}]}}